{"id":7,"date":"2014-05-22T18:11:59","date_gmt":"2014-05-22T16:11:59","guid":{"rendered":"http:\/\/cttt.werkstall.de\/?page_id=5"},"modified":"2022-01-13T22:02:04","modified_gmt":"2022-01-13T21:02:04","slug":"impressum","status":"publish","type":"page","link":"https:\/\/cttt.de\/?page_id=7","title":{"rendered":"Impressum"},"content":{"rendered":"<p><strong>1. VORSITZENDER:<\/strong> Ingo Komolka (info@cttt.de)<\/p>\n<p><strong>2. VORSITZENDER:<\/strong> Reno Bohg<\/p>\n<p>Bankverbindung:<br \/>\n<em>Cottbuser TT-Team e.V.<br \/>\nSparkasse Spree-Nei\u00dfe<br \/>\nIBAN: DE79 1805 0000 3112 1026 80<br \/>\nBIC: WELADED1CBN<br \/>\n<\/em><br \/>\nHAFTUNGSHINWEIS: Trotz sorgf\u00e4ltiger inhaltlicher Kontrollen \u00fcbernehmen wir keine Haftung f\u00fcr die Inhalte externer Links. F\u00fcr den Inhalt der verlinkten Seiten sind ausschlie\u00dflich deren Betreiber verantwortlich.<\/p>\n","protected":false},"excerpt":{"rendered":"<p>1. VORSITZENDER: Ingo Komolka (info@cttt.de) 2. VORSITZENDER: Reno Bohg Bankverbindung: Cottbuser TT-Team e.V. Sparkasse Spree-Nei\u00dfe IBAN: DE79 1805 0000 3112 1026 80 BIC: WELADED1CBN HAFTUNGSHINWEIS: Trotz sorgf\u00e4ltiger inhaltlicher Kontrollen \u00fcbernehmen <a href=\"https:\/\/cttt.de\/?page_id=7\" class=\"more-link\">[&hellip;]<\/a><\/p>\n","protected":false},"author":3,"featured_media":0,"parent":0,"menu_order":0,"comment_status":"closed","ping_status":"closed","template":"","meta":{"Layout":"","footnotes":""},"class_list":["entry","author-chris","post-7","page","type-page","status-publish"],"_links":{"self":[{"href":"https:\/\/cttt.de\/index.php?rest_route=\/wp\/v2\/pages\/7","targetHints":{"allow":["GET"]}}],"collection":[{"href":"https:\/\/cttt.de\/index.php?rest_route=\/wp\/v2\/pages"}],"about":[{"href":"https:\/\/cttt.de\/index.php?rest_route=\/wp\/v2\/types\/page"}],"author":[{"embeddable":true,"href":"https:\/\/cttt.de\/index.php?rest_route=\/wp\/v2\/users\/3"}],"replies":[{"embeddable":true,"href":"https:\/\/cttt.de\/index.php?rest_route=%2Fwp%2Fv2%2Fcomments&post=7"}],"version-history":[{"count":11,"href":"https:\/\/cttt.de\/index.php?rest_route=\/wp\/v2\/pages\/7\/revisions"}],"predecessor-version":[{"id":3156,"href":"https:\/\/cttt.de\/index.php?rest_route=\/wp\/v2\/pages\/7\/revisions\/3156"}],"wp:attachment":[{"href":"https:\/\/cttt.de\/index.php?rest_route=%2Fwp%2Fv2%2Fmedia&parent=7"}],"curies":[{"name":"wp","href":"https:\/\/api.w.org\/{rel}","templated":true}]}}