{"id":2279,"date":"2017-02-13T09:58:13","date_gmt":"2017-02-13T08:58:13","guid":{"rendered":"http:\/\/cttt.de\/?page_id=2279"},"modified":"2020-10-09T13:22:14","modified_gmt":"2020-10-09T11:22:14","slug":"mitglied-werden","status":"publish","type":"page","link":"https:\/\/cttt.de\/?page_id=2279","title":{"rendered":"Mitglied werden"},"content":{"rendered":"<p>Sie wollen Mitglied in unserem Sportverein werden?<\/p>\n<p>Vorteile f\u00fcr eine aktive Mitgliedschaft in unserem Verein:<\/p>\n<ol>\n<li>als Mitglied profitiere ich von der sozialen Gemeinschaft<\/li>\n<li>als Mitglied profitiere ich von der Aus-und Weiterbildung anderer Mitglieder und meiner \u00dcbungsleiter<\/li>\n<li>als Mitglied kann ich Wettk\u00e4mpfe besuchen und mich sportlich messen<\/li>\n<li>als Mitglied bet\u00e4tige ich mich k\u00f6rperlich und f\u00f6rdere meine Gesundheit<\/li>\n<li>als Mitglied lerne ich Leute kennen und kn\u00fcpfe neue Kontakte<\/li>\n<li>als Mitglied st\u00e4rke ich meine Pers\u00f6nlichkeit und meine Sozialkompetenz<\/li>\n<\/ol>\n<p><a href=\"https:\/\/cttt.de\/wp-content\/uploads\/2020\/10\/CTTT-Aufnahmeantrag-Stand-09-10-2020.pdf\">Download des Aufnahmeformulars<\/a><\/p>\n","protected":false},"excerpt":{"rendered":"<p>Sie wollen Mitglied in unserem Sportverein werden? Vorteile f\u00fcr eine aktive Mitgliedschaft in unserem Verein: als Mitglied profitiere ich von der sozialen Gemeinschaft als Mitglied profitiere ich von der Aus-und <a href=\"https:\/\/cttt.de\/?page_id=2279\" class=\"more-link\">[&hellip;]<\/a><\/p>\n","protected":false},"author":9,"featured_media":0,"parent":0,"menu_order":0,"comment_status":"closed","ping_status":"closed","template":"","meta":{"Layout":"","footnotes":""},"class_list":["entry","author-melle","post-2279","page","type-page","status-publish"],"_links":{"self":[{"href":"https:\/\/cttt.de\/index.php?rest_route=\/wp\/v2\/pages\/2279","targetHints":{"allow":["GET"]}}],"collection":[{"href":"https:\/\/cttt.de\/index.php?rest_route=\/wp\/v2\/pages"}],"about":[{"href":"https:\/\/cttt.de\/index.php?rest_route=\/wp\/v2\/types\/page"}],"author":[{"embeddable":true,"href":"https:\/\/cttt.de\/index.php?rest_route=\/wp\/v2\/users\/9"}],"replies":[{"embeddable":true,"href":"https:\/\/cttt.de\/index.php?rest_route=%2Fwp%2Fv2%2Fcomments&post=2279"}],"version-history":[{"count":10,"href":"https:\/\/cttt.de\/index.php?rest_route=\/wp\/v2\/pages\/2279\/revisions"}],"predecessor-version":[{"id":3130,"href":"https:\/\/cttt.de\/index.php?rest_route=\/wp\/v2\/pages\/2279\/revisions\/3130"}],"wp:attachment":[{"href":"https:\/\/cttt.de\/index.php?rest_route=%2Fwp%2Fv2%2Fmedia&parent=2279"}],"curies":[{"name":"wp","href":"https:\/\/api.w.org\/{rel}","templated":true}]}}